{"id":18,"date":"2019-12-19T13:03:10","date_gmt":"2019-12-19T12:03:10","guid":{"rendered":"https:\/\/schiffswerft-flint.de\/?page_id=18"},"modified":"2019-12-19T14:10:40","modified_gmt":"2019-12-19T13:10:40","slug":"datenschutzerklaerung","status":"publish","type":"page","link":"https:\/\/schiffswerft-flint.de\/index.php\/datenschutzerklaerung\/","title":{"rendered":"Datenschutzerkl\u00e4rung"},"content":{"rendered":"\n<h1 class=\"wp-block-heading\">Datenschutzerkl\u00e4rung<\/h1>\n\n\n\n<p><strong>Datenschutzerkl\u00e4rung<\/strong><\/p>\n\n\n\n<p>Die nachfolgende Datenschutzerkl\u00e4rung gilt f\u00fcr die Nutzung der  Webseite schiffswerft-flint.de (\u2019nachfolgend\u201eWebsite\u201c genannt). Beim Besuch  dieser Internetseite erheben, verarbeiten und nutzen wir Daten nur in  dem Umfang, soweit dies f\u00fcr die Benutzung unserer Website oder der  Abwicklung von Anfragen von Ihnen erforderlich ist. Hierzu unten mehr.<\/p>\n\n\n\n<p>Wir messen dem Datenschutz \u00e4u\u00dfert gro\u00dfe Bedeutung bei. Die Erhebung \nund Verarbeitung Ihrer personenbezogenen Daten geschieht unter strikter \nBeachtung der geltenden&nbsp; datenschutzrechtlichen Vorschriften, \ninsbesondere der EU-Datenschutzgrundverordnung (DSGVO). Diese Erkl\u00e4rung \nbeschreibt, wie und zu welchem Zweck ggf. Ihre Daten erfasst und genutzt\n werden und welche Wahlm\u00f6glichkeiten Sie im Zusammenhang mit \npers\u00f6nlichen Daten haben.<\/p>\n\n\n\n<p>Durch Ihre Verwendung dieser Website stimmen Sie der Erfassung, \nNutzung und \u00dcbertragung Ihrer Daten gem\u00e4\u00df dieser Datenschutzerkl\u00e4rung \nzu.<\/p>\n\n\n\n<p>Soweit Internetseiten und\/oder \u2013 Dienste anderer Anbieter \u00fcber unsere\n Website zug\u00e4nglich oder verlinkt sind, sind wir f\u00fcr deren Inhalte und \ninsbesondere deren datenschutzrechtliche Handhabung nicht \nverantwortlich.<\/p>\n\n\n\n<p><strong>1 Verantwortliche Stelle<br>\n<\/strong><br>\nVerantwortliche Stelle f\u00fcr die Erhebung, Verarbeitung und Nutzung Ihrer personenbezogenen Daten im Sinne der DSGVO ist:<\/p>\n\n\n\n<p>Die Schiffswerft MA Flint GmbH, Ellerholzdamm 15, 20457 Hamburg<\/p>\n\n\n\n<p>Sofern Sie der Erhebung, Verarbeitung oder Nutzung Ihrer Daten durch \nuns nach Ma\u00dfgabe dieser Datenschutzbestimmungen insgesamt oder f\u00fcr \neinzelne Ma\u00dfnahmen widersprechen wollen, k\u00f6nnen Sie Ihren Widerspruch an\n oben genannte verantwortliche Stelle richten. Sie k\u00f6nnen diese \nDatenschutzerkl\u00e4rung jederzeit speichern und ausdrucken.<\/p>\n\n\n\n<p><strong><br>\n2 Allgemeine Nutzung der Webseite<\/strong><\/p>\n\n\n\n<p><strong>2.1 Zugriffsdaten<\/strong><\/p>\n\n\n\n<p>Grunds\u00e4tzlich erheben wir beim Besuch unserer Internetseite keine \npersonenbezogenen Daten, wie beispielsweise Anrede, Name, Anschrift, \nE-Mail-Adresse oder Verbindungsdaten. Unser Server erfasst bestimmte \nDaten automatisch, die ihr Webbrowser beim Besuch einer Internetseite \nverschickt. Diese Daten k\u00f6nnen insbesondere den von Ihnen verwandten \nBrowsertyp, die Browsersprache sowie Datum und Uhrzeit Ihrer \nBrowseranfrage und die genutzte IP-Adresse enthalten. Auswertungen \ndieser Daten erfolgt ausschlie\u00dflich in anonymisierter Form zu \nstatistischen Zwecken ohne M\u00f6glichkeit der Zusammenf\u00fchrung mit anderen \nDaten von Ihnen. Nach Beendigung der Auswertung werden diese Daten \numgehend wieder gel\u00f6scht.<\/p>\n\n\n\n<p><strong>2.2 E-Mail Kontakt<br>\n<\/strong><br>\nWenn Sie mit uns in Kontakt treten z. B. per E-Mail (ein entsprechendes \nKontaktformular halten wir \u00fcber unsere Internetseite nicht vor), \nspeichern wir Ihre Angaben zur Bearbeitung der Anfrage sowie f\u00fcr den \nFall, dass Anschlussfragen entstehen. Weitere personenbezogene Daten \nspeichern und nutzen wir nur, wenn Sie dazu einwilligen oder dies ohne \nbesondere Einwilligung gesetzlich zul\u00e4ssig ist. Wir weisen darauf hin, \ndass die Daten\u00fcbertragung im Internet (z. B. bei der Kommunikation per \nE-Mail) Sicherheitsl\u00fccken aufweisen kann. Ein l\u00fcckenloser Schutz der \nDaten vor dem Zugriff durch Dritte ist nicht m\u00f6glich.<\/p>\n\n\n\n<p><strong>2.3 Google Analytics, Cookies, Profiling<br>\n<\/strong><br>\nWir benutzen weder Google Analytics oder sog. \u201eCookies\u201c (kleine Dateien \nmit Konfigurationsinformationen), bzw. sonstige Erfassungs- oder \nAuswertungssysteme. Wir versuchen dem Datenschutz damit in besonderem \nMa\u00dfe Rechnung zu tragen. Wir f\u00fchren kein Profiling (Erstellung und \nVerwendung von Nutzerdaten) gem. Artikel 22 Abs\u00e4tze 1 und 4 DSGVO durch.<\/p>\n\n\n\n<p><strong>2.4 Rechtsgrundlagen und Speicherdauer<br>\n<\/strong><br>\nRechtsgrundlage der Datenverarbeitung nach den vorstehenden Ziffern ist \nArt 6 Abs. 1 DSGVO. Unsere Interessen an der Datenverarbeitung sind \ninsbesondere die Sicherstellung des Betriebs und der Sicherheit der \nWebseite, die Untersuchung der Art und Weise der Nutzung der Webseite \ndurch Besucher, und die Vereinfachung der Nutzung der Webseite.<br>\nSofern nicht spezifisch angegeben, speichern wir personenbezogene Daten \nnur so lange, wie dies zur Erf\u00fcllung der verfolgten Zwecke notwendig \nist.<\/p>\n\n\n\n<p><strong>3 Ihre Rechte als von der Datenverarbeitung Betroffener<br>\n<\/strong><br>\nNach den anwendbaren Gesetzen haben Sie verschiedene Rechte bez\u00fcglich \nihrer personenbezogenen Daten. M\u00f6chten Sie diese Rechte geltend machen, \nso richten Sie Ihre Anfrage bitte per E-Mail oder per Post unter \neindeutiger Identifizierung Ihrer Person an die in Ziffer 1 genannte \nAdresse. Nachfolgend finden Sie eine \u00dcbersicht \u00fcber Ihre Rechte.<\/p>\n\n\n\n<p><strong>3.1 Recht auf Best\u00e4tigung und Auskunft<\/strong><\/p>\n\n\n\n<p>Sie haben jederzeit das Recht, von uns eine Best\u00e4tigung dar\u00fcber zu \nerhalten, ob die betreffenden personenbezogene Daten verarbeitet werden.\n Ist dies der Fall, so haben Sie das Recht, von uns eine unentgeltliche \nAuskunft \u00fcber die zu Ihnen gespeicherten personenbezogenen Daten nebst \neiner Kopie dieser Daten zu erlangen. Des Weiteren besteht ein Recht auf\n folgende Informationen:<\/p>\n\n\n\n<p>1.&nbsp; die Verarbeitungszwecke;<br>\n2.&nbsp; die Kategorien personenbezogener Daten, die verarbeitet werden;<br>\n3. die Empf\u00e4nger oder Kategorien von Empf\u00e4ngern, gegen\u00fcber denen die \nPersonen bezogenen Daten offengelegt worden sind oder noch offengelegt \nwerden,<\/p>\n\n\n\n<p>4. falls m\u00f6glich die geplante Dauer, f\u00fcr die die personenbezogenen \nDaten gespeichert werden, oder, falls dies nicht m\u00f6glich ist, die \nKriterien f\u00fcr die Festlegung dieser Dauer;<\/p>\n\n\n\n<p>5. das Bestehen eines Rechts auf Berichtigung oder L\u00f6schung der Sie betreffenden<br>\npersonenbezogenen Daten oder auf Einschr\u00e4nkung der Verarbeitung durch \nden Verantwortlichen der eines Widerspruchsrechts gegen diese \nVerarbeitung;<\/p>\n\n\n\n<p>6. das Bestehen eines Beschwerderechts bei einer Aufsichtsbeh\u00f6rde;<\/p>\n\n\n\n<p>7. wenn die personenbezogenen Daten nicht bei Ihnen erhoben werden, \nalle verf\u00fcgbaren Informationen \u00fcber die Herkunft der Daten; \nPersonenbezogene Daten werden durch uns nicht an Dritte, ohne Ihre \nZustimmung \u00fcbermittelt. Sie haben das Recht, von uns unverz\u00fcglich die \nBerichtigung Sie betreffender unrichtiger personenbezogener Daten zu \nverlangen. Unter Ber\u00fccksichtigung der Zwecke haben Sie das Recht, die \nVervollst\u00e4ndigung<br>\nunvollst\u00e4ndiger personenbezogener Daten \u2013 auch mittels einer erg\u00e4nzenden Erkl\u00e4rung \u2013 zu verlangen.<\/p>\n\n\n\n<p><strong>3.2 Recht auf L\u00f6schung (\u201eRecht auf Vergessenwerden\u201c)<br>\n<\/strong><br>\nSie haben das Recht, von uns zu verlangen, dass Sie betreffende \npersonenbezogene Daten unverz\u00fcglich gel\u00f6scht werden, und wir sind \nverpflichtet, personenbezogene Daten unverz\u00fcglich zu l\u00f6schen, sofern \neiner der folgenden Gr\u00fcnde zutrifft:<\/p>\n\n\n\n<p>1) Die personenbezogenen Daten sind f\u00fcr die Zwecke, f\u00fcr die sie \nerhoben oder auf sonstige Weise verarbeitet wurden, nicht mehr \nnotwendig.<\/p>\n\n\n\n<p>2) Sie widerrufen Ihre Einwilligung, auf die sich die Verarbeitung \ngem\u00e4\u00df Artikel 6 Absatz 1 DSGVO Buchstabe a oder Artikel 9 Absatz 2 \nBuchstabe a DSGVO st\u00fctzte, und es fehlt an einer anderweitigen \nRechtsgrundlage f\u00fcr die Verarbeitung.<\/p>\n\n\n\n<p>3) Sie legen gem\u00e4\u00df Artikel 21 Absatz 1 DSGVO Widerspruch gegen die \nVerarbeitung ein und es liegen keine vorrangigen berechtigten Gr\u00fcnde f\u00fcr\n die Verarbeitung vor, oder Sie legen gem\u00e4\u00df Artikel 21 Absatz 2 DSGVO \nWiderspruch gegen die Verarbeitung ein.<\/p>\n\n\n\n<p>4) Die personenbezogenen Daten wurden unrechtm\u00e4\u00dfig verarbeitet.<\/p>\n\n\n\n<p>5) Die L\u00f6schung der personenbezogenen Daten ist zur Erf\u00fcllung einer \nrechtlichen Verpflichtung nach dem Unionsrecht oder dem Recht der \nMitgliedstaaten erforderlich, dem wir unterliegen. Haben wir die \npersonenbezogenen Daten \u00f6ffentlich gemacht und sind wir gem\u00e4\u00df Art. 17 \nDSGVO zu deren L\u00f6schung verpflichtet, so treffen wir unter \nBer\u00fccksichtigung der verf\u00fcgbaren Technologie und der \nImplementierungskosten angemessene Ma\u00dfnahmen, auch technischer Art, um \nf\u00fcr die Datenverarbeitung Verantwortliche, die die personenbezogenen \nDaten verarbeiten, dar\u00fcber zu informieren, dass Sie von Ihnen die<br>\nL\u00f6schung aller Links zu diesen personenbezogenen Daten oder von Kopien \noder Replikationen dieser personenbezogenen Daten verlangt haben. \nAu\u00dferdem erheben wir keine Daten im Sinne von Art. 8 Abs. 1 DSGVO<\/p>\n\n\n\n<p><strong>3.3 Recht auf Einschr\u00e4nkung der Verarbeitung<br>\n<\/strong><br>\nSie haben das Recht, von uns die Einschr\u00e4nkung der Verarbeitung zu verlangen, wenn eine der folgenden<br>\nVoraussetzungen gegeben ist:<\/p>\n\n\n\n<p>1) die Richtigkeit der personenbezogenen Daten wird von Ihnen bestritten, und zwar f\u00fcr eine Dauer, die es<br>\nuns erm\u00f6glicht, die Richtigkeit der personenbezogenen Daten zu \u00fcberpr\u00fcfen,<\/p>\n\n\n\n<p>2) die Verarbeitung unrechtm\u00e4\u00dfig ist und Sie die L\u00f6schung der personenbezogenen Daten ablehnten und<br>\nstattdessen die Einschr\u00e4nkung der Nutzung der personenbezogenen Daten verlangt;<\/p>\n\n\n\n<p>3) wir die personenbezogenen Daten f\u00fcr die Zwecke der Verarbeitung nicht l\u00e4nger ben\u00f6tigen, Sie die<br>\nDaten jedoch zur Geltendmachung, Aus\u00fcbung oder Verteidigung von Rechtsanspr\u00fcchen ben\u00f6tigten, oder<\/p>\n\n\n\n<p>4) Sie Widerspruch gegen die Verarbeitung gem\u00e4\u00df Artikel 21 Absatz 1 \nDSGVO eingelegt haben, solange noch nicht feststeht, ob die berechtigten\n Gr\u00fcnde unseres Unternehmens gegen\u00fcber den Ihren \u00fcberwiegen.<\/p>\n\n\n\n<p><strong>3.4 Recht auf Daten\u00fcbertragbarkeit<br>\n<\/strong><br>\nSie haben das Recht, die Sie betreffenden personenbezogenen Daten, die \nSie uns bereitgestellt haben, in einem strukturierten, g\u00e4ngigen und \nmaschinenlesbaren Format zu erhalten, und Sie haben das Recht, diese \nDaten einem anderen Verantwortlichen, ohne Behinderung durch uns, zu \n\u00fcbermitteln, sofern<\/p>\n\n\n\n<p>1) die Verarbeitung auf einer Einwilligung gem\u00e4\u00df Artikel 6 Absatz 1 \nBuchstabe a DSGVO oder Artikel 9 Absatz 2 Buchstabe a DSGVO oder auf \neinem Vertrag gem\u00e4\u00df Artikel 6 Absatz 1 Buchstabe b DSGVO beruht und<\/p>\n\n\n\n<p>2) die Verarbeitung mit der Hilfe automatisierter Verfahren erfolgt.<br>\nBei der Aus\u00fcbung ihres Rechts auf Daten\u00fcbertragbarkeit gem\u00e4\u00df Absatz 1 \nhaben Sie das Recht, zu erwirken, dass die personenbezogenen Daten \ndirekt von uns einem anderen Verantwortlichen \u00fcbermittelt werden, soweit\n dies technisch machbar ist.<\/p>\n\n\n\n<p><strong>3.5 Widerspruchsrecht<\/strong><\/p>\n\n\n\n<p>Sie haben das Recht, aus Gr\u00fcnden, die sich aus Ihrer besonderen \nSituation ergeben, jederzeit gegen die Verarbeitung der Sie betreffender\n personenbezogener Daten, die aufgrund von Artikel 6 Absatz 1 Buchstaben\n e oder f DSGVO erfolgt, Widerspruch einzulegen. Wir verarbeiten die \npersonenbezogenen Daten nicht mehr,es sei denn, wir k\u00f6nnen zwingende \nschutzw\u00fcrdige Gr\u00fcnde f\u00fcr die Verarbeitung nachweisen, die Ihre<br>\nInteressen, Rechte und Freiheiten \u00fcberwiegen, oder die Verarbeitung \ndient der Geltendmachung, Aus\u00fcbung oder Verteidigung von \nRechtsanspr\u00fcchen.<\/p>\n\n\n\n<p><strong>3.6 Recht auf Widerruf einer datenschutzrechtlichen Einwilligung<br>\n<\/strong><br>\nSie haben das Recht, eine Einwilligung zur Verarbeitung personenbezogener Daten jederzeit zu widerrufen.<\/p>\n\n\n\n<p><strong>3.7 Recht auf Beschwerde bei einer Aufsichtsbeh\u00f6rde<\/strong><\/p>\n\n\n\n<p>Sie haben das Recht auf Beschwerde bei der zust\u00e4ndigen \nAufsichtsbeh\u00f6rde, wenn Sie der Ansicht sind, dass die Verarbeitung der \nSie betreffenden personenbezogenen Daten rechtswidrig ist. Zust\u00e4ndig ist\n die Datenschutzbeh\u00f6rde des Landes Schleswig-Holstein.<\/p>\n\n\n\n<p><strong>4 Datensicherheit, Datenschutzbeauftragter<br>\n<\/strong><br>\nWir sind um die Sicherheit Ihrer Daten im Rahmen der geltenden \nDatenschutzgesetze und technischen M\u00f6glichkeiten maximal bem\u00fcht. Zur \nSicherung Ihrer Daten unterhalten wir technische- und organisatorische \nSicherungsma\u00dfnahmen, die wir immer wieder dem Stand der Technik \nanpassen. Sofern Sie weitere Fragen zum Datenschutz haben (zu dieser \nInternetpr\u00e4senz oder zu sonstigen Fragen unseres Datenschutzes bez\u00fcglich\n unserer Bewohner, Lieferanten oder bei Bewohneranfragen), schreiben Sie<br>\nuns.<\/p>\n\n\n\n<p><strong>5 Weitergabe von Daten an Dritte, keine Daten\u00fcbertragung ins Nicht-EU-Ausland<br>\n<\/strong><br>\nGrunds\u00e4tzlich verwenden wir Ihre personenbezogenen Daten nur innerhalb \nunseres Unternehmens. Wenn und soweit wir Dritte im Rahmen der Erf\u00fcllung\n von Vertr\u00e4gen einschalten (etwa Logistik-Dienstleister) erhalten diese \npersonenbezogene Daten nur in dem Umfang, in welchem die \u00dcbermittlung \nf\u00fcr die entsprechende Leistung erforderlich ist. F\u00fcr den Fall, dass wir \nbestimmte Teile der Datenverarbeitung auslagern \n(\u201eAuftragsverarbeitung\u201c), verpflichten wir Auftragsverarbeiter \nvertraglich dazu, personenbezogene Daten nur im Einklang mit den \nAnforderungen der Datenschutzgesetze zu verwenden und den Schutz der \nRechte der betroffenen Person zu gew\u00e4hrleisten. Eine Daten\u00fcbertragung an\n Stellen oder Personen au\u00dferhalb der EU au\u00dferhalb der in dieser \nErkl\u00e4rung in Punkt&nbsp; 2.3 genannten F\u00e4llen findet nicht statt und ist \nnicht geplant.<\/p>\n\n\n\n<p><strong>6 Datenschutzbeauftragter<br>\n<\/strong><br>\nSollten Sie noch Fragen oder Bedenken zum Datenschutz haben, so wenden Sie sich bitte an unseren Datenschutzbeauftragten:<br>\nSie erreichen unseren Datenschutzbeauftragten wie folgt:<\/p>\n\n\n\n<p>BnB-InfoSec, Norderfelder Strasse 1, 24969 Lindewitt, E-Mail: info [at] bnb-infose.com<\/p>\n","protected":false},"excerpt":{"rendered":"<p>Datenschutzerkl\u00e4rung Datenschutzerkl\u00e4rung Die nachfolgende Datenschutzerkl\u00e4rung gilt f\u00fcr die Nutzung der Webseite schiffswerft-flint.de (\u2019nachfolgend\u201eWebsite\u201c genannt). Beim Besuch dieser Internetseite erheben, verarbeiten und nutzen wir Daten nur in dem Umfang, soweit dies f\u00fcr die Benutzung unserer Website oder der Abwicklung von Anfragen von Ihnen erforderlich ist. Hierzu unten mehr. Wir messen dem&#8230;<\/p>\n<p> <a class=\"continue-reading-link\" href=\"https:\/\/schiffswerft-flint.de\/index.php\/datenschutzerklaerung\/\"><span>Continue reading<\/span><i class=\"crycon-right-dir\"><\/i><\/a> <\/p>\n","protected":false},"author":1,"featured_media":0,"parent":0,"menu_order":0,"comment_status":"closed","ping_status":"closed","template":"","meta":{"footnotes":""},"class_list":["post-18","page","type-page","status-publish","hentry"],"_links":{"self":[{"href":"https:\/\/schiffswerft-flint.de\/index.php\/wp-json\/wp\/v2\/pages\/18","targetHints":{"allow":["GET"]}}],"collection":[{"href":"https:\/\/schiffswerft-flint.de\/index.php\/wp-json\/wp\/v2\/pages"}],"about":[{"href":"https:\/\/schiffswerft-flint.de\/index.php\/wp-json\/wp\/v2\/types\/page"}],"author":[{"embeddable":true,"href":"https:\/\/schiffswerft-flint.de\/index.php\/wp-json\/wp\/v2\/users\/1"}],"replies":[{"embeddable":true,"href":"https:\/\/schiffswerft-flint.de\/index.php\/wp-json\/wp\/v2\/comments?post=18"}],"version-history":[{"count":2,"href":"https:\/\/schiffswerft-flint.de\/index.php\/wp-json\/wp\/v2\/pages\/18\/revisions"}],"predecessor-version":[{"id":29,"href":"https:\/\/schiffswerft-flint.de\/index.php\/wp-json\/wp\/v2\/pages\/18\/revisions\/29"}],"wp:attachment":[{"href":"https:\/\/schiffswerft-flint.de\/index.php\/wp-json\/wp\/v2\/media?parent=18"}],"curies":[{"name":"wp","href":"https:\/\/api.w.org\/{rel}","templated":true}]}}