{"id":15,"date":"2019-12-19T12:59:39","date_gmt":"2019-12-19T11:59:39","guid":{"rendered":"https:\/\/schiffswerft-flint.de\/?page_id=15"},"modified":"2020-01-07T14:47:38","modified_gmt":"2020-01-07T13:47:38","slug":"impressum","status":"publish","type":"page","link":"https:\/\/schiffswerft-flint.de\/index.php\/impressum\/","title":{"rendered":"Impressum"},"content":{"rendered":"\n<p>Angaben gem\u00e4\u00df den Anforderungen des Telemediengesetzes (TMG):<\/p>\n\n\n\n<p>Schiffswerft M.A. Flint GmbH<br>Thees Behrens<br>Ellerholzdamm 15-19<br>20457 Hamburg<br>Telefon: 040 311515<\/p>\n\n\n\n<p>Email: info@schiffswerft-flint.de<\/p>\n\n\n\n<p><strong>Haftungsausschluss (Disclaimer)<\/strong><\/p>\n\n\n\n<p><strong>Haftung f\u00fcr Inhalte<br><\/strong>Als Diensteanbieter sind wir gem\u00e4\u00df \u00a7 7 Abs.1 TMG f\u00fcr eigene  Inhalte auf diesen Seiten nach den allgemeinen Gesetzen verantwortlich.  Nach \u00a7\u00a7 8 bis 10 TMG sind wir als Diensteanbieter jedoch nicht  verpflichtet, \u00fcbermittelte oder gespeicherte fremde Informationen zu  \u00fcberwachen oder nach Umst\u00e4nden zu forschen, die auf eine rechtswidrige  T\u00e4tigkeit hinweisen. Verpflichtungen zur Entfernung oder Sperrung der  Nutzung von Informationen nach den allgemeinen Gesetzen bleiben hiervon  unber\u00fchrt. Eine diesbez\u00fcgliche Haftung ist jedoch erst ab dem Zeitpunkt  der Kenntnis einer konkreten Rechtsverletzung m\u00f6glich. Bei Bekanntwerden  von entsprechenden Rechtsverletzungen werden wir diese Inhalte umgehend  entfernen.<\/p>\n\n\n\n<p><strong>Haftung f\u00fcr Links<br>\n<\/strong>Unser Angebot enth\u00e4lt Links zu externen Webseiten Dritter, auf \nderen Inhalte wir keinen Einfluss haben. Deshalb k\u00f6nnen wir f\u00fcr diese \nfremden Inhalte auch keine Gew\u00e4hr \u00fcbernehmen. F\u00fcr die Inhalte der \nverlinkten Seiten ist stets der jeweilige Anbieter oder Betreiber der \nSeiten verantwortlich. Die verlinkten Seiten wurden zum Zeitpunkt der \nVerlinkung auf m\u00f6gliche Rechtsverst\u00f6\u00dfe \u00fcberpr\u00fcft. Rechtswidrige Inhalte \nwaren zum Zeitpunkt der Verlinkung nicht erkennbar. Eine permanente \ninhaltliche Kontrolle der verlinkten Seiten ist jedoch ohne konkrete \nAnhaltspunkte einer Rechtsverletzung nicht zumutbar. Bei Bekanntwerden \nvon Rechtsverletzungen werden wir derartige Links umgehend entfernen.<\/p>\n\n\n\n<p><strong>Urheberrecht<br>\n<\/strong>Die durch die Seitenbetreiber erstellten Inhalte und Werke auf \ndiesen Seiten unterliegen dem deutschen Urheberrecht. Die \nVervielf\u00e4ltigung, Bearbeitung, Verbreitung und jede Art der Verwertung \nau\u00dferhalb der Grenzen des Urheberrechtes bed\u00fcrfen der schriftlichen \nZustimmung des jeweiligen Autors bzw. Erstellers. Downloads und Kopien \ndieser Seite sind nur f\u00fcr den privaten, nicht kommerziellen Gebrauch \ngestattet. Soweit die Inhalte auf dieser Seite nicht vom Betreiber \nerstellt wurden, werden die Urheberrechte Dritter beachtet. Insbesondere\n werden Inhalte Dritter als solche gekennzeichnet. Sollten Sie trotzdem \nauf eine Urheberrechtsverletzung aufmerksam werden, bitten wir um einen \nentsprechenden Hinweis. Bei Bekanntwerden von Rechtsverletzungen werden \nwir derartige Inhalte umgehend entfernen.<\/p>\n","protected":false},"excerpt":{"rendered":"<p>Angaben gem\u00e4\u00df den Anforderungen des Telemediengesetzes (TMG): Schiffswerft M.A. Flint GmbHThees BehrensEllerholzdamm 15-1920457 HamburgTelefon: 040 311515 Email: info@schiffswerft-flint.de Haftungsausschluss (Disclaimer) Haftung f\u00fcr InhalteAls Diensteanbieter sind wir gem\u00e4\u00df \u00a7 7 Abs.1 TMG f\u00fcr eigene Inhalte auf diesen Seiten nach den allgemeinen Gesetzen verantwortlich. Nach \u00a7\u00a7 8 bis 10 TMG sind wir&#8230;<\/p>\n<p> <a class=\"continue-reading-link\" href=\"https:\/\/schiffswerft-flint.de\/index.php\/impressum\/\"><span>Continue reading<\/span><i class=\"crycon-right-dir\"><\/i><\/a> <\/p>\n","protected":false},"author":1,"featured_media":0,"parent":0,"menu_order":0,"comment_status":"closed","ping_status":"closed","template":"","meta":{"footnotes":""},"class_list":["post-15","page","type-page","status-publish","hentry"],"_links":{"self":[{"href":"https:\/\/schiffswerft-flint.de\/index.php\/wp-json\/wp\/v2\/pages\/15","targetHints":{"allow":["GET"]}}],"collection":[{"href":"https:\/\/schiffswerft-flint.de\/index.php\/wp-json\/wp\/v2\/pages"}],"about":[{"href":"https:\/\/schiffswerft-flint.de\/index.php\/wp-json\/wp\/v2\/types\/page"}],"author":[{"embeddable":true,"href":"https:\/\/schiffswerft-flint.de\/index.php\/wp-json\/wp\/v2\/users\/1"}],"replies":[{"embeddable":true,"href":"https:\/\/schiffswerft-flint.de\/index.php\/wp-json\/wp\/v2\/comments?post=15"}],"version-history":[{"count":6,"href":"https:\/\/schiffswerft-flint.de\/index.php\/wp-json\/wp\/v2\/pages\/15\/revisions"}],"predecessor-version":[{"id":33,"href":"https:\/\/schiffswerft-flint.de\/index.php\/wp-json\/wp\/v2\/pages\/15\/revisions\/33"}],"wp:attachment":[{"href":"https:\/\/schiffswerft-flint.de\/index.php\/wp-json\/wp\/v2\/media?parent=15"}],"curies":[{"name":"wp","href":"https:\/\/api.w.org\/{rel}","templated":true}]}}